{"id":152,"date":"2017-11-13T05:28:13","date_gmt":"2017-11-13T05:28:13","guid":{"rendered":"https:\/\/raratheme.com\/preview\/travel-agency-pro\/?page_id=152"},"modified":"2026-05-08T07:40:48","modified_gmt":"2026-05-08T07:40:48","slug":"destination","status":"publish","type":"page","link":"https:\/\/authentic-guide.ch\/?page_id=152","title":{"rendered":"The Latest"},"content":{"rendered":"\n<h2 class=\"wp-block-heading\">Tanzreise <\/h2>\n\n\n\n<p>vom <strong>31. Januar bis 7. Februar<\/strong> <strong>2027<\/strong> in <strong>Las Terrenas<\/strong> in der <strong>Dom. Republik<\/strong><\/p>\n\n\n\n<p>Alle Infos anfordern:  <strong>mariann.b@gmx.ch<\/strong><\/p>\n\n\n\n<figure class=\"wp-block-image size-large is-resized\"><img loading=\"lazy\" decoding=\"async\" width=\"724\" height=\"1024\" src=\"https:\/\/authentic-guide.ch\/wp-content\/uploads\/2026\/05\/Tanzreise-14.-21.-Februar-2026-724x1024.jpg\" alt=\"\" class=\"wp-image-2786\" style=\"aspect-ratio:0.7070391061452515;width:480px;height:auto\" srcset=\"https:\/\/authentic-guide.ch\/wp-content\/uploads\/2026\/05\/Tanzreise-14.-21.-Februar-2026-724x1024.jpg 724w, https:\/\/authentic-guide.ch\/wp-content\/uploads\/2026\/05\/Tanzreise-14.-21.-Februar-2026-212x300.jpg 212w, https:\/\/authentic-guide.ch\/wp-content\/uploads\/2026\/05\/Tanzreise-14.-21.-Februar-2026-768x1086.jpg 768w, https:\/\/authentic-guide.ch\/wp-content\/uploads\/2026\/05\/Tanzreise-14.-21.-Februar-2026-1086x1536.jpg 1086w, https:\/\/authentic-guide.ch\/wp-content\/uploads\/2026\/05\/Tanzreise-14.-21.-Februar-2026-42x60.jpg 42w, https:\/\/authentic-guide.ch\/wp-content\/uploads\/2026\/05\/Tanzreise-14.-21.-Februar-2026.jpg 1414w\" sizes=\"auto, (max-width: 724px) 100vw, 724px\" \/><\/figure>\n\n\n\n<p><\/p>\n\n\n\n<p><strong>T\u00e4glich:<\/strong><\/p>\n\n\n\n<ul class=\"wp-block-list\">\n<li>Tag und Nacht tanzen<\/li>\n\n\n\n<li>Begleiteten Ausgang in kleine authentischen Tanzbars und Restaurant<\/li>\n\n\n\n<li>Sch\u00f6nes Hotel am Strand mit Restaurant, Pool und Strandbar<\/li>\n\n\n\n<li>Fr\u00fchst\u00fcck und Apero<\/li>\n\n\n\n<li>t\u00e4glicher Workshop<\/li>\n\n\n\n<li>Animation am Abend in den Tanzbars<\/li>\n\n\n\n<li>Keine Eintrittsgeb\u00fchren in den Tanzlokalen<\/li>\n\n\n\n<li>Infos und Hilfe jederzeit garantiert<\/li>\n<\/ul>\n\n\n\n<p>Preis pro Person: <strong>im EZ 1300 Fr. im DZ 950 Fr.<\/strong><\/p>\n\n\n\n<p>Zusatzwoche vorher oder nachher m\u00f6glich! Wird von mir begleitet und organsiert.<\/p>\n\n\n\n<figure class=\"wp-block-gallery has-nested-images columns-default is-cropped wp-block-gallery-1 is-layout-flex wp-block-gallery-is-layout-flex\">\n<figure class=\"wp-block-image size-large\"><img loading=\"lazy\" decoding=\"async\" width=\"754\" height=\"1024\" data-id=\"2781\" src=\"https:\/\/authentic-guide.ch\/wp-content\/uploads\/2025\/09\/Animation-754x1024.jpg\" alt=\"\" class=\"wp-image-2781\" srcset=\"https:\/\/authentic-guide.ch\/wp-content\/uploads\/2025\/09\/Animation-754x1024.jpg 754w, https:\/\/authentic-guide.ch\/wp-content\/uploads\/2025\/09\/Animation-221x300.jpg 221w, https:\/\/authentic-guide.ch\/wp-content\/uploads\/2025\/09\/Animation-768x1044.jpg 768w, https:\/\/authentic-guide.ch\/wp-content\/uploads\/2025\/09\/Animation-1130x1536.jpg 1130w, https:\/\/authentic-guide.ch\/wp-content\/uploads\/2025\/09\/Animation-44x60.jpg 44w, https:\/\/authentic-guide.ch\/wp-content\/uploads\/2025\/09\/Animation.jpg 1290w\" sizes=\"auto, (max-width: 754px) 100vw, 754px\" \/><\/figure>\n\n\n\n<figure class=\"wp-block-image size-large is-resized\"><img loading=\"lazy\" decoding=\"async\" width=\"1024\" height=\"768\" data-id=\"2763\" src=\"https:\/\/authentic-guide.ch\/wp-content\/uploads\/2025\/09\/Abendmeer-1024x768.jpg\" alt=\"\" class=\"wp-image-2763\" style=\"width:425px;height:auto\" srcset=\"https:\/\/authentic-guide.ch\/wp-content\/uploads\/2025\/09\/Abendmeer-1024x768.jpg 1024w, https:\/\/authentic-guide.ch\/wp-content\/uploads\/2025\/09\/Abendmeer-300x225.jpg 300w, https:\/\/authentic-guide.ch\/wp-content\/uploads\/2025\/09\/Abendmeer-768x576.jpg 768w, https:\/\/authentic-guide.ch\/wp-content\/uploads\/2025\/09\/Abendmeer-1536x1152.jpg 1536w, https:\/\/authentic-guide.ch\/wp-content\/uploads\/2025\/09\/Abendmeer-80x60.jpg 80w, https:\/\/authentic-guide.ch\/wp-content\/uploads\/2025\/09\/Abendmeer.jpg 1600w\" sizes=\"auto, (max-width: 1024px) 100vw, 1024px\" \/><\/figure>\n\n\n\n<figure class=\"wp-block-image size-large\"><img loading=\"lazy\" decoding=\"async\" width=\"1024\" height=\"701\" data-id=\"2780\" src=\"https:\/\/authentic-guide.ch\/wp-content\/uploads\/2025\/09\/Tanzen-1024x701.jpg\" alt=\"\" class=\"wp-image-2780\" srcset=\"https:\/\/authentic-guide.ch\/wp-content\/uploads\/2025\/09\/Tanzen-1024x701.jpg 1024w, https:\/\/authentic-guide.ch\/wp-content\/uploads\/2025\/09\/Tanzen-300x205.jpg 300w, https:\/\/authentic-guide.ch\/wp-content\/uploads\/2025\/09\/Tanzen-768x526.jpg 768w, https:\/\/authentic-guide.ch\/wp-content\/uploads\/2025\/09\/Tanzen-1536x1051.jpg 1536w, https:\/\/authentic-guide.ch\/wp-content\/uploads\/2025\/09\/Tanzen-88x60.jpg 88w, https:\/\/authentic-guide.ch\/wp-content\/uploads\/2025\/09\/Tanzen.jpg 1885w\" sizes=\"auto, (max-width: 1024px) 100vw, 1024px\" \/><\/figure>\n<\/figure>\n\n\n\n<p><\/p>\n\n\n\n<p><\/p>\n\n\n\n<figure class=\"wp-block-image size-large\"><img loading=\"lazy\" decoding=\"async\" width=\"1024\" height=\"768\" src=\"https:\/\/authentic-guide.ch\/wp-content\/uploads\/2025\/08\/Abendmeer-a-2-1024x768.jpg\" alt=\"Programm\t\nKaribischer Traumtanz 14. \u2013 21 Februar 2026\n\nSamstag, 14. Februar\nAnkunft, Begr\u00fcssung \n16.00 Welcome Apero und Informationen bis ca. 23.00 Uhr\ud83d\ude0a\nAb 20.00 Eintanzen und Nachtessen im Totem ab 23.00 im Babylon mit open end\nR\u00fcckkehr zum Hotel: zu Fuss oder mit Moto Taxi individuell\n\nSonntag, 15. Februar \nAnkunft im Hotel mit Begr\u00fcssung und Informationen sind ganztags m\u00f6glich\n7.00 \u2013 10.00 Fr\u00fchst\u00fcck \n11.00 Kennen lernen und Informationen im Hotel. Anschliessend F\u00fchrung vom Strand zum Zentrum, Tourismuszone, h\u00e4rzige Beizli und Tanzbars\nMittagessen individuell unterwegs\n16.00 Apero weitere Infos zum Wochenprogramm und Tanzen, Fragestunde und Austausch\n20.00 Nachtessen individuell\n21.00 Tanzen in der Mosquito Art Bar, ab 23.00 im Babylon mit open end\nR\u00fcckkehr zum Hotel: zu Fuss oder mit Moto Taxi individuell\n\nMontag, 16. Februar\n7.00 - 10.00 Fr\u00fchst\u00fcck\n10.30 Workshop \nPriv. Tanzstunden: wie reserviert im Zentrum, Beach oder Hotel\nMittagessen individuell\nFreier Nachmittag an der Beach, Ausfl\u00fcge oder Tanzstunden\n16.00 Apero und Austausch.\n20.00 Nachtessen individuell\n21.00 Tanzen in der Kiki Bar\nR\u00fcckkehr zum Hotel: zu Fuss oder mit Moto Taxi individuell \n\nDienstag, 17.Februar\n7.00 - 10.00 Fr\u00fchst\u00fcck\n10.30 Workshop \nPriv. Tanzstunden wie reserviert im Zentrum, Beach oder Hotel\nMittagessen individuell\nFreier Nachmittag an der Beach, Ausfl\u00fcge oder Tanzstunden\n16.00 Apero und Austausch\n20.00 Nachtessen individuell\n21.00 Tanzen in der Mosquito Art Bar, ab 23.00 Tanzen im Babylon mit open end\nR\u00fcckkehr zum Hotel: zu Fuss oder mit Moto Taxi individuell\n\nMittwoch, 18. Februar\n7.00 - 10.00 Fr\u00fchst\u00fcck\n10.30 Workshop \nPriv. Tanzstunden wie reserviert im Zentrum, Beach oder Hotel\nMittagessen individuell\nFreier Nachmittag an Beach, Ausfl\u00fcge oder Tanzstunden\n16.00 Apero und Austausch\n20.00 gemeinsames Nachtessen und Tanzen im Etno\nAb 23.00 Tanzen im Babylon mit open end\nR\u00fcckkehr zum Hotel: zu Fuss oder mit Moto Taxi individuell\n\nDonnerstag, 19. Februar\n7.00 - 10.00 Fr\u00fchst\u00fcck\n9.00 Gemeinsamer Tagesausflug zum Baln\u00e8ario (Thermalbad mit feinem Restaurant und DJ zum Tanzen), la Fuente in S\u00e0nchez\nCa. 20.00 Ankunft im Hotel\nAnschliessend individueller Abend, Tanzen in der Mosquito Art Bar\nAb 23.00 Tanzen im Babylon mit open end\nR\u00fcckkehr zum Hotel: zu Fuss oder mit Moto Taxi individuell\n\nFreitag, 20. Februar\n7.00 - 10.00 Fr\u00fchst\u00fcck\n10.30 Workshop\nPriv. Tanzstunden wie reserviert im Zentrum, Beach oder Hotel\nMittagessen individuell\nFreier Nachmittag an Beach, Ausfl\u00fcge oder Tanzstunden\nAbreise, Transfer zum Flughafen Santo Domingo\n16.00 Apero, bye bye Apero und Feedback \ud83d\ude0a)\n18.45 kurze Fahrt zum Bye bye Nachtessen und Tanzen im Groovy Garden\n23.00 R\u00fcckfahrt zur letzten Tanznacht im Babylon mit open end\nR\u00fcckkehr zum Hotel: zu Fuss oder mit Moto Taxi individuell\n\nSamstag, 21. Februar\n7.00 \u2013 10.00 Fr\u00fchst\u00fcck \nR\u00fcckreise zum Flughafen individuell\nProgramm nach Ansage je nach Bed\u00fcrfnissen und individueller Abreise\nFreier Tag an der Beach, Ausfl\u00fcge, Tanzstunden oder Beauty care Programm\nAbreise, Transfer zum Flughafen Santo Domingo\nTanzabend im Totem und Babylon \nTransfer zum Flughafen auch in der Nacht m\u00f6glich\nR\u00fcckkehr ins Hotel f\u00fcr die Verl\u00e4ngerungswoche\nStart zur Verl\u00e4ngerungswoche 21. -28. Februar 2026\nWichtig:\nBitte bedenkt, dass wir in Lateinamerika sind\ud83d\ude09.\nAlle Angaben ohne Gew\u00e4hr, Zeit und Ort k\u00f6nnen sich \u00e4ndern.\nAndere L\u00e4nder andere Sitten, es gibt wenig Verbindlichkeit und nicht immer ist auf alles Verlass. Allermeistens funktioniert was abgemacht und best\u00e4tigt ist sehr gut\ud83d\ude0a.\nBestes Zahlungsmittel:\nCash in Landesw\u00e4hrung oder in der Touristenzone mit Kreditkarte. Zum Wechseln nur US$.\nJeden Tag m\u00f6glich:\nZu individuellen Ausfl\u00fcgen gebe ich jederzeit Informationen und organisiere sie mit euch. Gerne vermittle ich auch Reservationen f\u00fcr Manik\u00fcre, Pedicure, Massagen, Coiffeure usw.\nPrivate Tanzstunden, gerne berate ich euch und reserviere die Stunden bei verschiedenen Tanzlehrern (Kosten ca. 55 Fr. p. Std.).\nTanzen und private Stunden finden im Zentrum im Tanzsaal, an der Beach oder im Hotel statt.\n\" class=\"wp-image-2747\" srcset=\"https:\/\/authentic-guide.ch\/wp-content\/uploads\/2025\/08\/Abendmeer-a-2-1024x768.jpg 1024w, https:\/\/authentic-guide.ch\/wp-content\/uploads\/2025\/08\/Abendmeer-a-2-300x225.jpg 300w, https:\/\/authentic-guide.ch\/wp-content\/uploads\/2025\/08\/Abendmeer-a-2-768x576.jpg 768w, https:\/\/authentic-guide.ch\/wp-content\/uploads\/2025\/08\/Abendmeer-a-2-1536x1152.jpg 1536w, https:\/\/authentic-guide.ch\/wp-content\/uploads\/2025\/08\/Abendmeer-a-2-80x60.jpg 80w, https:\/\/authentic-guide.ch\/wp-content\/uploads\/2025\/08\/Abendmeer-a-2.jpg 1600w\" sizes=\"auto, (max-width: 1024px) 100vw, 1024px\" \/><\/figure>\n\n\n\n<figure class=\"wp-block-gallery has-nested-images columns-default is-cropped wp-block-gallery-2 is-layout-flex wp-block-gallery-is-layout-flex\"><\/figure>\n\n\n\n<p><\/p>\n\n\n\n<p class=\"has-medium-font-size\"><strong><em>Buchen Sie mich spontan<\/em><\/strong> <br><strong><em>Vorschlag<\/em>:<\/strong> <br>-Wandern zur Gummenalp zum h\u00fcbschen Alpenrestaurant<br>-Wandertouren am B\u00fcrgenstock<br>-Tagesausfl\u00fcge: Rigi, Pilatus und Niederbauen<br><a href=\"Vorschlag:  Schneewandern\"><br><\/a><strong>You can book me any day <\/strong>on short notice<br><strong>Proposal<\/strong>: Day trip to Ticino <br>                    <br>            <br>&#8211;<strong>Day trip<\/strong> to Locarno and Verzasca Valley<br>&#8211;<strong>hiking or go by cable car:<\/strong> Stanserhorn, Rigi, Pilatus or Niederbauen <br>&#8211;<strong>Visit the <\/strong>best waterfalls and gorges in Berner Oberland<\/p>\n\n\n\n<div class=\"wp-block-media-text alignwide is-stacked-on-mobile\"><figure class=\"wp-block-media-text__media\"><img loading=\"lazy\" decoding=\"async\" width=\"800\" height=\"600\" src=\"https:\/\/authentic-guide.ch\/wp-content\/uploads\/2021\/06\/IMG_2535.jpg\" alt=\"\" class=\"wp-image-2693 size-full\" srcset=\"https:\/\/authentic-guide.ch\/wp-content\/uploads\/2021\/06\/IMG_2535.jpg 800w, https:\/\/authentic-guide.ch\/wp-content\/uploads\/2021\/06\/IMG_2535-300x225.jpg 300w, https:\/\/authentic-guide.ch\/wp-content\/uploads\/2021\/06\/IMG_2535-768x576.jpg 768w, https:\/\/authentic-guide.ch\/wp-content\/uploads\/2021\/06\/IMG_2535-80x60.jpg 80w\" sizes=\"auto, (max-width: 800px) 100vw, 800px\" \/><\/figure><div class=\"wp-block-media-text__content\">\n<p><strong><em>Geniessen und entspannen auf dem Niederbauen<\/em><br>Enjoy and relax on the Niederbauen<\/strong><\/p>\n<\/div><\/div>\n\n\n\n<div class=\"wp-block-media-text alignwide is-stacked-on-mobile\"><figure class=\"wp-block-media-text__media\"><img loading=\"lazy\" decoding=\"async\" width=\"1024\" height=\"768\" src=\"https:\/\/authentic-guide.ch\/wp-content\/uploads\/2021\/03\/IMG_7083-1024x768.jpg\" alt=\"\" class=\"wp-image-2590 size-full\" srcset=\"https:\/\/authentic-guide.ch\/wp-content\/uploads\/2021\/03\/IMG_7083-1024x768.jpg 1024w, https:\/\/authentic-guide.ch\/wp-content\/uploads\/2021\/03\/IMG_7083-300x225.jpg 300w, https:\/\/authentic-guide.ch\/wp-content\/uploads\/2021\/03\/IMG_7083-768x576.jpg 768w, https:\/\/authentic-guide.ch\/wp-content\/uploads\/2021\/03\/IMG_7083-1536x1152.jpg 1536w, https:\/\/authentic-guide.ch\/wp-content\/uploads\/2021\/03\/IMG_7083-2048x1536.jpg 2048w, https:\/\/authentic-guide.ch\/wp-content\/uploads\/2021\/03\/IMG_7083-80x60.jpg 80w\" sizes=\"auto, (max-width: 1024px) 100vw, 1024px\" \/><\/figure><div class=\"wp-block-media-text__content\">\n<p><strong>B<em>egleiten Sie mich \u00fcber den B\u00fcrgenstock und die Hametschwand&#8230;<\/em><\/strong><br><strong>Enjoy the comfortableness on a hike around B\u00fcrgenstock and Hametschwand<\/strong><\/p>\n<\/div><\/div>\n\n\n\n<div class=\"wp-block-media-text alignwide is-stacked-on-mobile\"><figure class=\"wp-block-media-text__media\"><img loading=\"lazy\" decoding=\"async\" width=\"1024\" height=\"768\" src=\"https:\/\/authentic-guide.ch\/wp-content\/uploads\/2021\/03\/IMG_7157-1024x768.jpg\" alt=\"\" class=\"wp-image-2626 size-full\" srcset=\"https:\/\/authentic-guide.ch\/wp-content\/uploads\/2021\/03\/IMG_7157-1024x768.jpg 1024w, https:\/\/authentic-guide.ch\/wp-content\/uploads\/2021\/03\/IMG_7157-300x225.jpg 300w, https:\/\/authentic-guide.ch\/wp-content\/uploads\/2021\/03\/IMG_7157-768x576.jpg 768w, https:\/\/authentic-guide.ch\/wp-content\/uploads\/2021\/03\/IMG_7157-1536x1152.jpg 1536w, https:\/\/authentic-guide.ch\/wp-content\/uploads\/2021\/03\/IMG_7157-2048x1536.jpg 2048w, https:\/\/authentic-guide.ch\/wp-content\/uploads\/2021\/03\/IMG_7157-80x60.jpg 80w\" sizes=\"auto, (max-width: 1024px) 100vw, 1024px\" \/><\/figure><div class=\"wp-block-media-text__content\">\n<p class=\"has-normal-font-size\"><strong><em>Spazieren in<\/em> <em>Seelisberg<\/em><br>Walk in Seelisberg<\/strong><\/p>\n<\/div><\/div>\n\n\n\n<figure class=\"wp-block-gallery has-nested-images columns-default is-cropped wp-block-gallery-3 is-layout-flex wp-block-gallery-is-layout-flex\">\n<figure class=\"wp-block-image size-large\"><img loading=\"lazy\" decoding=\"async\" width=\"768\" height=\"1024\" data-id=\"2631\" src=\"https:\/\/authentic-guide.ch\/wp-content\/uploads\/2021\/03\/IMG_7143-768x1024.jpg\" alt=\"\" class=\"wp-image-2631\" srcset=\"https:\/\/authentic-guide.ch\/wp-content\/uploads\/2021\/03\/IMG_7143-768x1024.jpg 768w, https:\/\/authentic-guide.ch\/wp-content\/uploads\/2021\/03\/IMG_7143-225x300.jpg 225w, https:\/\/authentic-guide.ch\/wp-content\/uploads\/2021\/03\/IMG_7143-1152x1536.jpg 1152w, https:\/\/authentic-guide.ch\/wp-content\/uploads\/2021\/03\/IMG_7143-1536x2048.jpg 1536w, https:\/\/authentic-guide.ch\/wp-content\/uploads\/2021\/03\/IMG_7143-45x60.jpg 45w, https:\/\/authentic-guide.ch\/wp-content\/uploads\/2021\/03\/IMG_7143-scaled.jpg 1920w\" sizes=\"auto, (max-width: 768px) 100vw, 768px\" \/><\/figure>\n\n\n\n<figure class=\"wp-block-image size-large\"><img loading=\"lazy\" decoding=\"async\" width=\"768\" height=\"1024\" data-id=\"2632\" src=\"https:\/\/authentic-guide.ch\/wp-content\/uploads\/2021\/03\/IMG_7154-768x1024.jpg\" alt=\"\" class=\"wp-image-2632\" srcset=\"https:\/\/authentic-guide.ch\/wp-content\/uploads\/2021\/03\/IMG_7154-768x1024.jpg 768w, https:\/\/authentic-guide.ch\/wp-content\/uploads\/2021\/03\/IMG_7154-225x300.jpg 225w, https:\/\/authentic-guide.ch\/wp-content\/uploads\/2021\/03\/IMG_7154-1152x1536.jpg 1152w, https:\/\/authentic-guide.ch\/wp-content\/uploads\/2021\/03\/IMG_7154-1536x2048.jpg 1536w, https:\/\/authentic-guide.ch\/wp-content\/uploads\/2021\/03\/IMG_7154-45x60.jpg 45w, https:\/\/authentic-guide.ch\/wp-content\/uploads\/2021\/03\/IMG_7154-scaled.jpg 1920w\" sizes=\"auto, (max-width: 768px) 100vw, 768px\" \/><\/figure>\n\n\n\n<figure class=\"wp-block-image size-large\"><img loading=\"lazy\" decoding=\"async\" width=\"1024\" height=\"768\" data-id=\"2633\" src=\"https:\/\/authentic-guide.ch\/wp-content\/uploads\/2021\/03\/IMG_7161-1024x768.jpg\" alt=\"\" class=\"wp-image-2633\" srcset=\"https:\/\/authentic-guide.ch\/wp-content\/uploads\/2021\/03\/IMG_7161-1024x768.jpg 1024w, https:\/\/authentic-guide.ch\/wp-content\/uploads\/2021\/03\/IMG_7161-300x225.jpg 300w, https:\/\/authentic-guide.ch\/wp-content\/uploads\/2021\/03\/IMG_7161-768x576.jpg 768w, https:\/\/authentic-guide.ch\/wp-content\/uploads\/2021\/03\/IMG_7161-1536x1152.jpg 1536w, https:\/\/authentic-guide.ch\/wp-content\/uploads\/2021\/03\/IMG_7161-2048x1536.jpg 2048w, https:\/\/authentic-guide.ch\/wp-content\/uploads\/2021\/03\/IMG_7161-80x60.jpg 80w\" sizes=\"auto, (max-width: 1024px) 100vw, 1024px\" \/><\/figure>\n\n\n\n<figure class=\"wp-block-image size-large\"><img loading=\"lazy\" decoding=\"async\" width=\"1024\" height=\"768\" data-id=\"2670\" src=\"https:\/\/authentic-guide.ch\/wp-content\/uploads\/2021\/04\/IMG_7065-1024x768.jpg\" alt=\"\" class=\"wp-image-2670\" srcset=\"https:\/\/authentic-guide.ch\/wp-content\/uploads\/2021\/04\/IMG_7065-1024x768.jpg 1024w, https:\/\/authentic-guide.ch\/wp-content\/uploads\/2021\/04\/IMG_7065-300x225.jpg 300w, https:\/\/authentic-guide.ch\/wp-content\/uploads\/2021\/04\/IMG_7065-768x576.jpg 768w, https:\/\/authentic-guide.ch\/wp-content\/uploads\/2021\/04\/IMG_7065-1536x1152.jpg 1536w, https:\/\/authentic-guide.ch\/wp-content\/uploads\/2021\/04\/IMG_7065-2048x1536.jpg 2048w, https:\/\/authentic-guide.ch\/wp-content\/uploads\/2021\/04\/IMG_7065-80x60.jpg 80w\" sizes=\"auto, (max-width: 1024px) 100vw, 1024px\" \/><\/figure>\n\n\n\n<figure class=\"wp-block-image size-large\"><img loading=\"lazy\" decoding=\"async\" width=\"1024\" height=\"768\" data-id=\"2696\" src=\"https:\/\/authentic-guide.ch\/wp-content\/uploads\/2021\/06\/IMG_0210-1024x768.jpg\" alt=\"\" class=\"wp-image-2696\" srcset=\"https:\/\/authentic-guide.ch\/wp-content\/uploads\/2021\/06\/IMG_0210-1024x768.jpg 1024w, https:\/\/authentic-guide.ch\/wp-content\/uploads\/2021\/06\/IMG_0210-300x225.jpg 300w, https:\/\/authentic-guide.ch\/wp-content\/uploads\/2021\/06\/IMG_0210-768x576.jpg 768w, https:\/\/authentic-guide.ch\/wp-content\/uploads\/2021\/06\/IMG_0210-1536x1152.jpg 1536w, https:\/\/authentic-guide.ch\/wp-content\/uploads\/2021\/06\/IMG_0210-2048x1536.jpg 2048w, https:\/\/authentic-guide.ch\/wp-content\/uploads\/2021\/06\/IMG_0210-80x60.jpg 80w\" sizes=\"auto, (max-width: 1024px) 100vw, 1024px\" \/><\/figure>\n\n\n\n<figure class=\"wp-block-image size-large\"><img loading=\"lazy\" decoding=\"async\" width=\"1024\" height=\"768\" data-id=\"2697\" src=\"https:\/\/authentic-guide.ch\/wp-content\/uploads\/2021\/06\/IMG_8287-1024x768.jpg\" alt=\"\" class=\"wp-image-2697\" srcset=\"https:\/\/authentic-guide.ch\/wp-content\/uploads\/2021\/06\/IMG_8287-1024x768.jpg 1024w, https:\/\/authentic-guide.ch\/wp-content\/uploads\/2021\/06\/IMG_8287-300x225.jpg 300w, https:\/\/authentic-guide.ch\/wp-content\/uploads\/2021\/06\/IMG_8287-768x576.jpg 768w, https:\/\/authentic-guide.ch\/wp-content\/uploads\/2021\/06\/IMG_8287-1536x1152.jpg 1536w, https:\/\/authentic-guide.ch\/wp-content\/uploads\/2021\/06\/IMG_8287-2048x1536.jpg 2048w, https:\/\/authentic-guide.ch\/wp-content\/uploads\/2021\/06\/IMG_8287-80x60.jpg 80w\" sizes=\"auto, (max-width: 1024px) 100vw, 1024px\" \/><\/figure>\n\n\n\n<figure class=\"wp-block-image size-large\"><img loading=\"lazy\" decoding=\"async\" width=\"768\" height=\"1024\" data-id=\"2698\" src=\"https:\/\/authentic-guide.ch\/wp-content\/uploads\/2021\/06\/IMG_8408-768x1024.jpg\" alt=\"\" class=\"wp-image-2698\" srcset=\"https:\/\/authentic-guide.ch\/wp-content\/uploads\/2021\/06\/IMG_8408-768x1024.jpg 768w, https:\/\/authentic-guide.ch\/wp-content\/uploads\/2021\/06\/IMG_8408-225x300.jpg 225w, https:\/\/authentic-guide.ch\/wp-content\/uploads\/2021\/06\/IMG_8408-1152x1536.jpg 1152w, https:\/\/authentic-guide.ch\/wp-content\/uploads\/2021\/06\/IMG_8408-1536x2048.jpg 1536w, https:\/\/authentic-guide.ch\/wp-content\/uploads\/2021\/06\/IMG_8408-45x60.jpg 45w, https:\/\/authentic-guide.ch\/wp-content\/uploads\/2021\/06\/IMG_8408-scaled.jpg 1920w\" sizes=\"auto, (max-width: 768px) 100vw, 768px\" \/><\/figure>\n\n\n\n<figure class=\"wp-block-image size-large\"><img loading=\"lazy\" decoding=\"async\" width=\"1024\" height=\"768\" data-id=\"2699\" src=\"https:\/\/authentic-guide.ch\/wp-content\/uploads\/2021\/06\/IMG_8409-1024x768.jpg\" alt=\"\" class=\"wp-image-2699\" srcset=\"https:\/\/authentic-guide.ch\/wp-content\/uploads\/2021\/06\/IMG_8409-1024x768.jpg 1024w, https:\/\/authentic-guide.ch\/wp-content\/uploads\/2021\/06\/IMG_8409-300x225.jpg 300w, https:\/\/authentic-guide.ch\/wp-content\/uploads\/2021\/06\/IMG_8409-768x576.jpg 768w, https:\/\/authentic-guide.ch\/wp-content\/uploads\/2021\/06\/IMG_8409-1536x1152.jpg 1536w, https:\/\/authentic-guide.ch\/wp-content\/uploads\/2021\/06\/IMG_8409-2048x1536.jpg 2048w, https:\/\/authentic-guide.ch\/wp-content\/uploads\/2021\/06\/IMG_8409-80x60.jpg 80w\" sizes=\"auto, (max-width: 1024px) 100vw, 1024px\" \/><\/figure>\n\n\n\n<figure class=\"wp-block-image size-large\"><img loading=\"lazy\" decoding=\"async\" width=\"1024\" height=\"768\" data-id=\"2700\" src=\"https:\/\/authentic-guide.ch\/wp-content\/uploads\/2021\/06\/IMG_1426-1024x768.jpg\" alt=\"\" class=\"wp-image-2700\" srcset=\"https:\/\/authentic-guide.ch\/wp-content\/uploads\/2021\/06\/IMG_1426-1024x768.jpg 1024w, https:\/\/authentic-guide.ch\/wp-content\/uploads\/2021\/06\/IMG_1426-300x225.jpg 300w, https:\/\/authentic-guide.ch\/wp-content\/uploads\/2021\/06\/IMG_1426-768x576.jpg 768w, https:\/\/authentic-guide.ch\/wp-content\/uploads\/2021\/06\/IMG_1426-1536x1152.jpg 1536w, https:\/\/authentic-guide.ch\/wp-content\/uploads\/2021\/06\/IMG_1426-2048x1536.jpg 2048w, https:\/\/authentic-guide.ch\/wp-content\/uploads\/2021\/06\/IMG_1426-80x60.jpg 80w\" sizes=\"auto, (max-width: 1024px) 100vw, 1024px\" \/><\/figure>\n\n\n\n<figure class=\"wp-block-image size-large\"><img loading=\"lazy\" decoding=\"async\" width=\"768\" height=\"1024\" data-id=\"2701\" src=\"https:\/\/authentic-guide.ch\/wp-content\/uploads\/2021\/06\/IMG_6058-768x1024.jpg\" alt=\"\" class=\"wp-image-2701\" srcset=\"https:\/\/authentic-guide.ch\/wp-content\/uploads\/2021\/06\/IMG_6058-768x1024.jpg 768w, https:\/\/authentic-guide.ch\/wp-content\/uploads\/2021\/06\/IMG_6058-225x300.jpg 225w, https:\/\/authentic-guide.ch\/wp-content\/uploads\/2021\/06\/IMG_6058-1152x1536.jpg 1152w, https:\/\/authentic-guide.ch\/wp-content\/uploads\/2021\/06\/IMG_6058-1536x2048.jpg 1536w, https:\/\/authentic-guide.ch\/wp-content\/uploads\/2021\/06\/IMG_6058-45x60.jpg 45w, https:\/\/authentic-guide.ch\/wp-content\/uploads\/2021\/06\/IMG_6058-scaled.jpg 1920w\" sizes=\"auto, (max-width: 768px) 100vw, 768px\" \/><\/figure>\n\n\n\n<figure class=\"wp-block-image size-large\"><img loading=\"lazy\" decoding=\"async\" width=\"768\" height=\"1024\" data-id=\"2702\" src=\"https:\/\/authentic-guide.ch\/wp-content\/uploads\/2021\/06\/IMG_6209-768x1024.jpg\" alt=\"\" class=\"wp-image-2702\" srcset=\"https:\/\/authentic-guide.ch\/wp-content\/uploads\/2021\/06\/IMG_6209-768x1024.jpg 768w, https:\/\/authentic-guide.ch\/wp-content\/uploads\/2021\/06\/IMG_6209-225x300.jpg 225w, https:\/\/authentic-guide.ch\/wp-content\/uploads\/2021\/06\/IMG_6209-1152x1536.jpg 1152w, https:\/\/authentic-guide.ch\/wp-content\/uploads\/2021\/06\/IMG_6209-1536x2048.jpg 1536w, https:\/\/authentic-guide.ch\/wp-content\/uploads\/2021\/06\/IMG_6209-45x60.jpg 45w, https:\/\/authentic-guide.ch\/wp-content\/uploads\/2021\/06\/IMG_6209-scaled.jpg 1920w\" sizes=\"auto, (max-width: 768px) 100vw, 768px\" \/><\/figure>\n<\/figure>\n","protected":false},"excerpt":{"rendered":"<p>Tanzreise vom 31. Januar bis 7. Februar 2027 in Las Terrenas in der Dom. Republik Alle Infos anfordern: mariann.b@gmx.ch T\u00e4glich: Preis pro Person: im EZ 1300 Fr. im DZ 950 Fr. Zusatzwoche vorher oder nachher m\u00f6glich! Wird von mir begleitet und organsiert. Buchen Sie mich &hellip; <\/p>\n","protected":false},"author":3,"featured_media":2234,"parent":0,"menu_order":0,"comment_status":"closed","ping_status":"closed","template":"","meta":{"footnotes":""},"class_list":["post-152","page","type-page","status-publish","has-post-thumbnail","hentry"],"aioseo_notices":[],"_links":{"self":[{"href":"https:\/\/authentic-guide.ch\/index.php?rest_route=\/wp\/v2\/pages\/152","targetHints":{"allow":["GET"]}}],"collection":[{"href":"https:\/\/authentic-guide.ch\/index.php?rest_route=\/wp\/v2\/pages"}],"about":[{"href":"https:\/\/authentic-guide.ch\/index.php?rest_route=\/wp\/v2\/types\/page"}],"author":[{"embeddable":true,"href":"https:\/\/authentic-guide.ch\/index.php?rest_route=\/wp\/v2\/users\/3"}],"replies":[{"embeddable":true,"href":"https:\/\/authentic-guide.ch\/index.php?rest_route=%2Fwp%2Fv2%2Fcomments&post=152"}],"version-history":[{"count":45,"href":"https:\/\/authentic-guide.ch\/index.php?rest_route=\/wp\/v2\/pages\/152\/revisions"}],"predecessor-version":[{"id":2793,"href":"https:\/\/authentic-guide.ch\/index.php?rest_route=\/wp\/v2\/pages\/152\/revisions\/2793"}],"wp:featuredmedia":[{"embeddable":true,"href":"https:\/\/authentic-guide.ch\/index.php?rest_route=\/wp\/v2\/media\/2234"}],"wp:attachment":[{"href":"https:\/\/authentic-guide.ch\/index.php?rest_route=%2Fwp%2Fv2%2Fmedia&parent=152"}],"curies":[{"name":"wp","href":"https:\/\/api.w.org\/{rel}","templated":true}]}}