{"id":410,"date":"2017-11-20T15:05:36","date_gmt":"2017-11-20T09:20:36","guid":{"rendered":"https:\/\/raratheme.com\/preview\/travel-agency-pro\/about-us\/"},"modified":"2021-03-07T22:55:46","modified_gmt":"2021-03-07T22:55:46","slug":"about-us","status":"publish","type":"page","link":"https:\/\/authentic-guide.ch\/?page_id=410","title":{"rendered":"About Me"},"content":{"rendered":"\n<p><\/p>\n\n\n\n<div class=\"wp-block-image\"><figure class=\"alignleft size-large is-resized\"><a href=\"#espan-scroll\"><img loading=\"lazy\" decoding=\"async\" src=\"https:\/\/authentic-guide.ch\/wp-content\/uploads\/2021\/02\/ddeb87ac806f726e9072659e971e9c0a-1024x643.jpg\" alt=\"\" class=\"wp-image-2500\" width=\"88\" height=\"55\" srcset=\"https:\/\/authentic-guide.ch\/wp-content\/uploads\/2021\/02\/ddeb87ac806f726e9072659e971e9c0a-1024x643.jpg 1024w, https:\/\/authentic-guide.ch\/wp-content\/uploads\/2021\/02\/ddeb87ac806f726e9072659e971e9c0a-300x188.jpg 300w, https:\/\/authentic-guide.ch\/wp-content\/uploads\/2021\/02\/ddeb87ac806f726e9072659e971e9c0a-768x482.jpg 768w, https:\/\/authentic-guide.ch\/wp-content\/uploads\/2021\/02\/ddeb87ac806f726e9072659e971e9c0a-410x250.jpg 410w, https:\/\/authentic-guide.ch\/wp-content\/uploads\/2021\/02\/ddeb87ac806f726e9072659e971e9c0a-96x60.jpg 96w, https:\/\/authentic-guide.ch\/wp-content\/uploads\/2021\/02\/ddeb87ac806f726e9072659e971e9c0a.jpg 1280w\" sizes=\"auto, (max-width: 88px) 100vw, 88px\" \/><\/a><\/figure><\/div>\n\n\n\n<div class=\"wp-block-columns is-layout-flex wp-container-core-columns-is-layout-9d6595d7 wp-block-columns-is-layout-flex\">\n<div class=\"wp-block-column is-layout-flow wp-block-column-is-layout-flow\" style=\"flex-basis:100%\">\n<figure class=\"wp-block-image size-large is-resized\"><a href=\"#espan-scroll\"><img loading=\"lazy\" decoding=\"async\" src=\"https:\/\/authentic-guide.ch\/wp-content\/uploads\/2021\/02\/640px-Flag_of_France.jpg\" alt=\"\" class=\"wp-image-2502\" width=\"84\" height=\"55\" srcset=\"https:\/\/authentic-guide.ch\/wp-content\/uploads\/2021\/02\/640px-Flag_of_France.jpg 640w, https:\/\/authentic-guide.ch\/wp-content\/uploads\/2021\/02\/640px-Flag_of_France-300x200.jpg 300w, https:\/\/authentic-guide.ch\/wp-content\/uploads\/2021\/02\/640px-Flag_of_France-90x60.jpg 90w\" sizes=\"auto, (max-width: 84px) 100vw, 84px\" \/><\/a><\/figure>\n<\/div>\n<\/div>\n\n\n\n<p><a href=\"#italia-scroll\"><strong>haga clic aqu\u00ed para espa\u00f1ol<\/strong><\/a><\/p>\n\n\n\n<div class=\"wp-block-columns is-layout-flex wp-container-core-columns-is-layout-9d6595d7 wp-block-columns-is-layout-flex\">\n<div class=\"wp-block-column is-layout-flow wp-block-column-is-layout-flow\">\n<p><strong>Mariann Barmettler<\/strong><\/p>\n<p>I grew up on the B\u00fcrgenstock in the heart of Switzerland and know the area like the back of my hand. My roots on this mountain go back several decades. My great-great-grandfather already lived in Obb\u00fcrgen and owned a proud share of land which he farmed. He had sold part of it to the pioneers Bucher and Durrer who built the historic B\u00fcrgenstock hotels.<\/p>\n<p>When I was a little girl, I helped my father chop wood in the forest next to the hotels and used the surrounding nature as a playground with my brothers.<\/p>\n<p>Later, the farm was taken over by my oldest brother in the fifth generation. Thus, the land next to the B\u00fcrgenstock remains in my family&#8217;s possession to this day.<\/p>\n<p>Today I live with my family in Ennetmoos and have been working as a religion\/ethics teacher in the high school for 15 years. Seven years ago I was looking for an additional challenge as a bicycle tour leader with Eurobus. The bike tours have taken me to Holland, Germany, Denmark and the South of France.<\/p>\n<p>In my free time, I prefer to return to the B\u00fcrgenstock, spend time there with my parents and brothers, go on excursions to the Hametschwand, Schiltgrad, Seewligard or Honegg. On these excursions I can be found either on my bike or on foot.<\/p>\n<p>I love showing my guests around B\u00fcrgenstock, telling them exciting stories and impressing them with the unique surroundings.<\/p>\n<p>Since my first job, I have saved up to travel to faraway countries, to discover foreign people and cultures and to learn new languages. For the most part, I travelled on the American continents. One of my most memorable adventures was travelling to the Andean countries and chatting to people in Spanish.\u00a0 These trips resulted in friendships that I have been able to maintain to this day.<\/p>\n<p>Later, as a mother and family woman, I limited my travels to family vacations in neighbouring countries.<\/p>\n<p>Now I would like to introduce my paradise to other people!<\/p>\n<p><strong>Personal B\u00fcrgenstock tours<br \/><\/strong>As my home, the B\u00fcrgenstock, has inspired me since childhood. \u00a0I would like to share my fascination with you and show you around as your personal guide.\u00a0<\/p>\n<p>I will tell you old stories including very personal experiences and present you the Swiss mountain culture in B\u00fcrgenstock and Obb\u00fcrgen. This could be perfectly integrated into walks on site.<\/p>\n<p>The guided tours can be individually adapted. Depending on preferences and interests, there are farm tours, bike tours and hikes to choose from. The experience can be extended even further, for example with an excursion to the city of Lucerne. There is no end to shopping, bar crawling and dancing.<\/p>\n<p><strong>Authentic tours<br \/><\/strong>&#8211; The most beautiful places around Lake Lucerne\u00a0<\/p>\n<p>&#8211; insider tips<\/p>\n<p>&#8211; The 10 most beautiful destinations in Switzerland<\/p>\n<p>&#8211; The most beautiful towns in Switzerland<\/p>\n<p>&#8211; Traditional and regional food on the farm<\/p>\n<p>&#8211; Walking and hiking destinations: B\u00fcrgenstock, Obb\u00fcrgen, Hametschwand, etc.<\/p>\n<p>Bonus: The tour can be extended individually to all regions of Switzerland. Depending on your wishes, we will visit the most wonderful villages in Switzerland, show you traditional handicrafts, traditional farming in the Alps, take you to historical places and enjoy regional and traditional dishes. In addition, you will experience the history and culture of the region at first hand.<\/p>\n<p>Contact me by mail or phone and I will create your personal Swiss adventure. An engagement for 1-10 people is possible from as little as 2 hours to excursions of several days.<\/p>\n<p>Tours can be booked in the following languages: Swiss German, German, English, Spanish and French.<\/p>\n<p><strong>Phone: \u00a0 \u00a0 \u00a0 \u00a0 \u00a0 \u00a0 \u00a0 \u00a0 \u00a0 \u00a0 \u00a0 +41 77 418 9006<br \/><\/strong><strong>Mail: \u00a0 \u00a0 \u00a0 \u00a0 \u00a0 \u00a0 \u00a0 \u00a0 mariann@authentic-guide.ch<\/strong><\/p>\n<\/div>\n\n\n\n<div class=\"wp-block-column is-layout-flow wp-block-column-is-layout-flow\">\n<p><strong>Mariann Barmettler<\/strong><\/p>\n<p>Auf dem B\u00fcrgenstock im Herzen der Schweiz bin ich aufgewachsen und kenne mich in dieser Umgebung deshalb wie in meiner Westentasche aus. Meine Wurzeln auf diesem Berg reichen mehrere Jahrzehnte zur\u00fcck. So war bereits mein Ururgrossvater in Obb\u00fcrgen wohnhaft und besass einen stolzen Anteil Land, welches er landwirtschaftlich bewirtschaftet. Davon hatte er einen Teil an die Pioniere Bucher und Durrer verkauft, welche mit dem Bau von Hotels die Geschichte des B\u00fcrgenstocks umschrieben.<br \/>Mit meinem Vater habe ich als kleines M\u00e4dchen im Wald, welcher an die Hotels angrenzte tatkr\u00e4ftig beim Holzhacken geholfen oder mit meinen Br\u00fcdern die umliegende Natur als Spielplatz benutzt.<br \/>Sp\u00e4ter wurde der Bauernhof in der f\u00fcnften Generation von meinem \u00e4ltesten Bruder \u00fcbernommen. Somit bleibt das angrenzende Land bis heute im Besitz meiner Familie.<\/p>\n<p>Heute lebe ich mit meiner Familie in Ennetmoos und arbeite seit 15 Jahren als Religions-\/Ethiklehrerin in der Sekundarstufe. Vor sieben Jahren suchte ich eine zus\u00e4tzliche Herausforderung als Veloreiseleiterin bei Eurobus. Die Velotouren f\u00fchrten mich nach Holland, Deutschland, D\u00e4nemark und S\u00fcdfrankreich.<br \/>In meiner Freizeit kehre ich am liebsten auf den B\u00fcrgenstock zur\u00fcck, verbringe dort Zeit mit meinen Eltern und Br\u00fcdern, mache Ausfl\u00fcge auf die Hametschwand, den Schiltgrad, Seewligard oder Honegg. Bei diesen Ausfl\u00fcgen bin ich entweder mit dem Bike oder zu Fuss anzutreffen.<\/p>\n<p>Ich liebe es meine G\u00e4ste auf dem B\u00fcrgenstock herumzuf\u00fchren, ihnen spannende Geschichten zu erz\u00e4hlen und sie mit der einzigartigen Umgebung zu beeindrucken.<\/p>\n<p>Seit meinem ersten Verdienst sparte ich um ferne L\u00e4nder zu bereisen, fremde V\u00f6lker und Kulturen zu entdecken und Fremdsprachen zu lernen. Dabei war ich gr\u00f6\u00dftenteils auf dem amerikanischen Kontinenten unterwegs. Eines der eindr\u00fccklichsten Abenteuer war es die Andenl\u00e4nder zu bereisen und mich mit den Menschen auf Spanisch zu unterhalten. Aus diesen Reisen ergaben sich Freundschaften, welche ich bis heute aufrecht erhalten konnte.<br \/>Sp\u00e4ter als Mutter und Familienfrau beschr\u00e4nkte ich meine Reiset\u00e4tigkeit auf Familienferien in den Nachbarl\u00e4ndern.<br \/>Jetzt m\u00f6chte ich anderen Menschen das Paradies in meiner Heimat vorstellen!<\/p>\n<p><strong>Pers\u00f6nliche B\u00fcrgenstocktouren:<br \/><\/strong>Da mich meine Heimat, der B\u00fcrgenstock, seit Kindsbeinen begeistert w\u00fcrde ich mich gerne als pers\u00f6nliche Begleiterin f\u00fcr Sie anbieten und meine Faszination mit Ihnen teilen.<br \/>Ich teile mit Ihnen meine Geschichte bis zu meinen ganz pers\u00f6nlichen Erfahrungen und zeige Ihnen die Schweizerbergkultur vom B\u00fcrgenstock und Obb\u00fcrgen. Dies l\u00e4sst sich hervorragend in Spazierg\u00e4nge vor Ort einbauen.<br \/>Die F\u00fchrungen k\u00f6nnen individuell angepasst werden. Je nach Pr\u00e4ferenzen und Interessen stehen Bauernhofbesichtigung, Biketouren und Wanderungen zur Auswahl. Das Erlebnis kann noch weiter ausgebaut werden, zum Beispiel mit einem Ausflug in die Stadt Luzern. Dort sind Shopping, Bar crawl und Dancing kein Ende gesetzt.<br \/>Ich empfehle mich herzlich&#8230;&#8230;..<\/p>\n<p><strong>Authentische Reisebegleitung<br \/><\/strong>-Die allersch\u00f6nsten \u00d6rtchen um den Vierwaldst\u00e4ttersee<br \/>-Meine Geheimtipps<br \/>-Die 10 sehenswertesten Ziele in der Schweiz<br \/>-Die sch\u00f6nsten St\u00e4dte der Schweiz<br \/>-Traditionelles, regionales Essen auf dem Bauernhof<br \/>-Spazier- und Wanderziele B\u00fcrgenstock, Obb\u00fcrgen Hametschwand<\/p>\n<p>Die Reisebegleitung kann individuell in alle Regionen der Schweiz weitergef\u00fchrt werden. Je nach Wunsch besuche ich mit Ihnen, die wunderbarsten D\u00f6rfer der Schweiz, zeige Ihnen urchiges Handwerk, traditionelle Bewirtschaftung der Alpen, f\u00fchre Sie zu geschichtstr\u00e4chtigen Orten und geniesse mit Ihnen regionale, traditionelle Gerichte dazu erfahren Sie die Geschichte und Kultur der Region hautnah.<\/p>\n<p>Kontaktieren Sie mich jetzt gleich per Mail oder Telefon und ich realisiere Ihr pers\u00f6nliches Schweizer Abenteuer. Ein Engagement f\u00fcr 1-10 Personen ist ab 2 Stunden bis zu mehrt\u00e4gigen Ausfl\u00fcgen m\u00f6glich.<br \/>F\u00fchrungen k\u00f6nnen in folgenden Sprachen gebucht werden: Schweizerdeutsch, Deutsch, Englisch, Spanisch und Franz\u00f6sisch.<br \/><strong>Telefon:\u00a0\u00a0\u00a0\u00a0\u00a0\u00a0\u00a0\u00a0\u00a0\u00a0\u00a0\u00a0\u00a0\u00a0\u00a0\u00a0\u00a0\u00a0\u00a0\u00a0 +41 77 418 9006<br \/><\/strong><strong>Mail: \u00a0 \u00a0 \u00a0 \u00a0 \u00a0 \u00a0 \u00a0 \u00a0 mariann@authentic-guide.ch<\/strong><\/p>\n<p>\u00a0<\/p>\n<\/div>\n<\/div>\n\n\n\n<div class=\"wp-block-columns is-layout-flex wp-container-core-columns-is-layout-9d6595d7 wp-block-columns-is-layout-flex\">\n<div class=\"wp-block-column is-layout-flow wp-block-column-is-layout-flow\">\n<p>\u00a0<\/p>\n<h2 id=\"espan-scroll\"><a href=\"#espan-scroll\">Mariann Barmettler<\/a><\/h2>\n<p><strong>\u00a0<\/strong>Queridos hu\u00e9spedes de B\u00fcrgenstock y sus alrededores<strong><br \/><\/strong>Soy de Obb\u00fcrgen y me encanta este valle verde con su vista al lago y a las monta\u00f1as. Mi tatarabuelo vendi\u00f3, en el a\u00f1o 1871, mucha tierra de su estancia \u201cAlp Tritt\u201d a los fundadores del B\u00fcrgenstock, los se\u00f1ores Franz Josef Bucher y Josef Durrer de Kerns.<br \/>Hace algunas d\u00e9cadas mi padre cambi\u00f3 el bosque donde jugamos mis hermanos y yo por la Trittweid a la compan\u00eda Frei AG. As\u00ed mi hermano obtuvo una bella estancia en Obb\u00fcrgen, el lugar donde vive actualmente con su familia.<\/p>\n<p>Yo vivo con mi familia en Ennetmoos y trabajo en la escuela secundaria como profesora de Religi\u00f3n y \u00c9tica. Tambi\u00e9n hago cicloturismo en Francia, Alemania y Holanda.<\/p>\n<p>El B\u00fcrgenstock siempre me ha fascinado. Como tengo familia en Obb\u00fcrgen yo visito el lugar cada semana y conozco muy bien la cultura y la historia de esa regi\u00f3n.<\/p>\n<p><strong>Sean bienvenidos<br \/><\/strong>Por eso les ofrezco con mucho gusto mis servicios como gu\u00eda teniendo en cuenta sus preferencias. Si gusta de un paseo a pie o de una excursi\u00f3n m\u00e1s especializada podemos complacerlo y organizar adem\u00e1s visitas diarias a la cuidad de Lucerna para ir de compras o para disfrutar la atm\u00f3sfera\u00a0 nocturna.<\/p>\n<p>Adem\u00e1s ofrezco tours a distintos lugares de la zona y por toda la suiza para que disfrute de la belleza de sus lagos, monta\u00f1as y pueblos.<\/p>\n<p>Para m\u00e1s informaci\u00f3n contacte<\/p>\n<p><strong>Phono: \u00a0\u00a0\u00a0\u00a0\u00a0\u00a0\u00a0\u00a0\u00a0 +41 77 418 9006<\/strong><\/p>\n<p><strong>Email: \u00a0\u00a0<br \/><\/strong><strong>mariann@authentic-guide.ch<\/strong><\/p>\n<\/div>\n\n\n\n<div class=\"wp-block-column is-layout-flow wp-block-column-is-layout-flow\">\n<h2 id=\"espan-scroll\"><a href=\"france-scroll\">Mariann Barmettler<\/a><\/h2>\n<p><a href=\"#france-scroll\" data-wplink-edit=\"true\"><strong>Mariann Barmettler<\/strong><\/a><\/p>\n<p>J&#8217;ai grandi \u00e0 Obb\u00fcrgen et je suis tr\u00e8s enracin\u00e9 dans le B\u00fcrenstock et la vall\u00e9e verte. En effet, il y a fort longtemps, \u00a0mon arri\u00e8re-arri\u00e8re-grand-p\u00e8re a vendu une grande partie de son exploitation agricole aux pionniers Bucher et Durrer. Mon p\u00e8re poss\u00e9dait une for\u00eat qui nous servait de terrain de jeu et o\u00f9 j\u2019aimais aider \u00e0 couper du bois \u00e9tant enfant. Cependant, il l\u2019a c\u00e9d\u00e9e il y a quelques d\u00e9cennies \u00e0 la Frei AG, afin d\u2019acqu\u00e9rir des \u00ab\u00a0Trittweid\u00a0\u00bb (c\u2019est-\u00e0-dire des p\u00e2turages) \u00e0 Obb\u00fcrgen pour permettre \u00e0 mon fr\u00e8re d\u2019y exploiter la grande ferme familiale.<\/p>\n<p>Ma famille et moi habitons \u00e0 Ennetmoos. Concernant ma vie professionnelle, je suis professeure de religion et d&#8217;\u00e9thique \u00e0 l&#8217;\u00e9cole secondaire depuis 15 ans. Il y a 7 ans, j\u2019ai aussi commenc\u00e9 \u00e0 travailler en tant que guide dans le cyclotourisme aux Pays-Bas, en Allemagne, au Danemark et dans le sud de la France.<\/p>\n<p>Pendant mon temps libre, je me rend hebdomadairement \u00e0 Obb\u00fcrgen, sur le B\u00fcrgenstock, Hamet-schwand, Schiltgrad et Seewligard \u00e0 Honegg \u00e0 v\u00e9lo ou \u00e0 pied pour des rencontres, comptant parfois des voyageurs du monde entier.<\/p>\n<p>Lorsque je suis devenue ind\u00e9pendante financi\u00e8rement, j\u2019ai commenc\u00e9 \u00e0 parcourir le globe pour d\u00e9couvrir le monde, les peuples, les cultures \u00e9trang\u00e8res et rencontrer de nouveaux amis. C\u2019est bien vite devenu une passion. J\u2019ai beaucoup voyag\u00e9 en Am\u00e9rique dans ma jeunesse : j&#8217;ai particuli\u00e8rement aim\u00e9\u00a0 les pays andins et parler aux gens en espagnol, mais j\u2019ai aussi de tr\u00e8s bons amis au Texas.<\/p>\n<p>Plus tard, en tant que m\u00e8re de famille, j&#8217;ai limit\u00e9 mes voyages \u00e0 la r\u00e9gion locale et aux pays voisins.<\/p>\n<p>D\u00e9sormais je souhaiterais faire conna\u00eetre le paradis qu\u2019est mon pays d&#8217;origine !<\/p>\n<p><strong>Visites personnelles de B\u00fcrgenstock<\/strong>\u00a0<br \/>Le B\u00fcrgenstock m&#8217;inspire et me fascine depuis toujours, je m\u2019y sens chez moi. Je souhaiterais donc vous proposer mes services en tant que guide personnelle.<\/p>\n<p>J\u2019agr\u00e9menterai les promenades en vous racontant l&#8217;histoire et la culture de B\u00fcrgenstock et d&#8217;Obb\u00fcrgen ainsi que mes exp\u00e9riences et histoires personnelles.<\/p>\n<p>Je pourrais \u00e9galement vous faire visiter la ferme.<\/p>\n<p>Je propose des promenades sur le B\u00fcrgenstock, des courtes randonn\u00e9es sur le B\u00fcrgenstock vers Hametschwand, Obb\u00fcrgen, Seewligrad, Schiltgrad, Honegg, Kehrseiten, Stansstad mais je peux aussi vous faire visiter personnellement les meilleures boutiques, bars et bars dansants de Lucerne.<\/p>\n<p><strong>Guide touristique authentique<br \/><\/strong>&#8211; Les plus beaux endroits autour du lac des Quatre-Cantons (Lien avec photos)<br \/>&#8211; Les bons plans<br \/>&#8211; Les 10 destinations incontournables en Suisse<br \/>&#8211; Les plus belles villes de Suisse<br \/>&#8211; Nourriture traditionnelle et r\u00e9gionale \u00e0 la ferme (Lien de Swiss Tavolata)<\/p>\n<p>Je me ferai un plaisir de visiter avec vous les plus beaux villages de Suisse et de vous faire d\u00e9couvrir l&#8217;artisanat ancestral, l&#8217;agriculture traditionnelle des Alpes.<\/p>\n<p>Je serai heureuse de vous emmener dans des lieux charg\u00e9s d&#8217;histoire et de vous faire d\u00e9guster des plats r\u00e9gionaux et traditionnels.<\/p>\n<p>Vous pouvez me contacter par mail ou par t\u00e9l\u00e9phone et j\u2019organiserai votre excursion individuelle et personnelle. Il peut s\u2019agir de visites de 2 heures, mais aussi d\u2019une journ\u00e9e ou le temps d\u2019une soir\u00e9e. \u00a0\u00a0\u00a0\u00a0\u00a0 Vous pouvez participer aux visites individuellement, en famille ou par groupe de 4 \u00e0 6 personnes.<\/p>\n<p>Mes langues maternelles sont le suisse-allemand (dialecte du canton de Nidwald) et l\u2019allemand, mais je parle aussi anglais, fran\u00e7ais et espagnol.<\/p>\n<\/div>\n<\/div>\n","protected":false},"excerpt":{"rendered":"<p>haga clic aqu\u00ed para espa\u00f1ol Mariann Barmettler I grew up on the B\u00fcrgenstock in the heart of Switzerland and know the area like the back of my hand. My roots on this mountain go back several decades. My great-great-grandfather already lived in Obb\u00fcrgen and owned &hellip; <\/p>\n","protected":false},"author":3,"featured_media":1924,"parent":0,"menu_order":0,"comment_status":"closed","ping_status":"closed","template":"","meta":{"footnotes":""},"class_list":["post-410","page","type-page","status-publish","has-post-thumbnail","hentry"],"aioseo_notices":[],"_links":{"self":[{"href":"https:\/\/authentic-guide.ch\/index.php?rest_route=\/wp\/v2\/pages\/410","targetHints":{"allow":["GET"]}}],"collection":[{"href":"https:\/\/authentic-guide.ch\/index.php?rest_route=\/wp\/v2\/pages"}],"about":[{"href":"https:\/\/authentic-guide.ch\/index.php?rest_route=\/wp\/v2\/types\/page"}],"author":[{"embeddable":true,"href":"https:\/\/authentic-guide.ch\/index.php?rest_route=\/wp\/v2\/users\/3"}],"replies":[{"embeddable":true,"href":"https:\/\/authentic-guide.ch\/index.php?rest_route=%2Fwp%2Fv2%2Fcomments&post=410"}],"version-history":[{"count":28,"href":"https:\/\/authentic-guide.ch\/index.php?rest_route=\/wp\/v2\/pages\/410\/revisions"}],"predecessor-version":[{"id":2639,"href":"https:\/\/authentic-guide.ch\/index.php?rest_route=\/wp\/v2\/pages\/410\/revisions\/2639"}],"wp:featuredmedia":[{"embeddable":true,"href":"https:\/\/authentic-guide.ch\/index.php?rest_route=\/wp\/v2\/media\/1924"}],"wp:attachment":[{"href":"https:\/\/authentic-guide.ch\/index.php?rest_route=%2Fwp%2Fv2%2Fmedia&parent=410"}],"curies":[{"name":"wp","href":"https:\/\/api.w.org\/{rel}","templated":true}]}}